{"id":94147,"date":"2024-07-27T15:27:03","date_gmt":"2024-07-27T13:27:03","guid":{"rendered":"https:\/\/www.awpint.com\/product\/toxinfibre\/"},"modified":"2026-04-27T11:38:51","modified_gmt":"2026-04-27T09:38:51","slug":"toxinfibre","status":"publish","type":"product","link":"https:\/\/www.awpint.com\/es\/productos\/toxinfibre\/","title":{"rendered":"Toxinfibre"},"featured_media":93986,"template":"","animal_feed":[152,158,159,160,161,153,162],"feed_physical_form":[156,155],"feed_flavour":[],"other_category":[],"class_list":["post-94147","product","type-product","status-publish","has-post-thumbnail","hentry","animal_feed-aves-de-corral","animal_feed-porcino","animal_feed-caballos","animal_feed-terneros-cabritos-y-corderos","animal_feed-vacuno-de-carne","animal_feed-vacas-lecheras-ovejas-cabras","animal_feed-acuicultura","feed_physical_form-liquido","feed_physical_form-polvo"],"acf":[],"yoast_head":"<!-- This site is optimized with the Yoast SEO plugin v27.6 - https:\/\/yoast.com\/product\/yoast-seo-wordpress\/ -->\n<title>Toxinfibre | A.W.P. Animal Wellness Products<\/title>\n<meta name=\"description\" content=\"Toxinfibre  se basa en fenoles bot\u00e1nicos purificados y solubles monom\u00e9ricos, dim\u00e9ricos y oligom\u00e9ricos de bajo peso molecular: 5.000 - 10.000 Dalton, enriquecidos con Fitomol\u00e9culas. Las fibras se obtienen por hidr\u00f3lisis a partir de la pared celular de plantas anuales, sin disolventes.\" \/>\n<meta name=\"robots\" content=\"index, follow, max-snippet:-1, max-image-preview:large, max-video-preview:-1\" \/>\n<link rel=\"canonical\" href=\"https:\/\/www.awpint.com\/es\/productos\/toxinfibre\/\" \/>\n<meta property=\"og:locale\" content=\"es_ES\" \/>\n<meta property=\"og:type\" content=\"article\" \/>\n<meta property=\"og:title\" content=\"Toxinfibre | A.W.P. Animal Wellness Products\" \/>\n<meta property=\"og:description\" content=\"Toxinfibre  se basa en fenoles bot\u00e1nicos purificados y solubles monom\u00e9ricos, dim\u00e9ricos y oligom\u00e9ricos de bajo peso molecular: 5.000 - 10.000 Dalton, enriquecidos con Fitomol\u00e9culas. Las fibras se obtienen por hidr\u00f3lisis a partir de la pared celular de plantas anuales, sin disolventes.\" \/>\n<meta property=\"og:url\" content=\"https:\/\/www.awpint.com\/es\/productos\/toxinfibre\/\" \/>\n<meta property=\"og:site_name\" content=\"AWP\" \/>\n<meta property=\"article:modified_time\" content=\"2026-04-27T09:38:51+00:00\" \/>\n<meta property=\"og:image\" content=\"https:\/\/www.awpint.com\/media\/2024\/07\/awp-product-11.jpg\" \/>\n\t<meta property=\"og:image:width\" content=\"1652\" \/>\n\t<meta property=\"og:image:height\" content=\"500\" \/>\n\t<meta property=\"og:image:type\" content=\"image\/jpeg\" \/>\n<meta name=\"twitter:card\" content=\"summary_large_image\" \/>\n<script type=\"application\/ld+json\" class=\"yoast-schema-graph\">{\"@context\":\"https:\\\/\\\/schema.org\",\"@graph\":[{\"@type\":\"WebPage\",\"@id\":\"https:\\\/\\\/www.awpint.com\\\/es\\\/productos\\\/toxinfibre\\\/\",\"url\":\"https:\\\/\\\/www.awpint.com\\\/es\\\/productos\\\/toxinfibre\\\/\",\"name\":\"Toxinfibre | A.W.P. Animal Wellness Products\",\"isPartOf\":{\"@id\":\"https:\\\/\\\/www.awpint.com\\\/es\\\/#website\"},\"primaryImageOfPage\":{\"@id\":\"https:\\\/\\\/www.awpint.com\\\/es\\\/productos\\\/toxinfibre\\\/#primaryimage\"},\"image\":{\"@id\":\"https:\\\/\\\/www.awpint.com\\\/es\\\/productos\\\/toxinfibre\\\/#primaryimage\"},\"thumbnailUrl\":\"https:\\\/\\\/www.awpint.com\\\/wp-content\\\/uploads\\\/2024\\\/07\\\/awp-product-11.jpg\",\"datePublished\":\"2024-07-27T13:27:03+00:00\",\"dateModified\":\"2026-04-27T09:38:51+00:00\",\"description\":\"[titolo_prodotto_awp_varibile] se basa en fenoles bot\u00e1nicos purificados y solubles monom\u00e9ricos, dim\u00e9ricos y oligom\u00e9ricos de bajo peso molecular: 5.000 - 10.000 Dalton, enriquecidos con Fitomol\u00e9culas. Las fibras se obtienen por hidr\u00f3lisis a partir de la pared celular de plantas anuales, sin disolventes.\",\"breadcrumb\":{\"@id\":\"https:\\\/\\\/www.awpint.com\\\/es\\\/productos\\\/toxinfibre\\\/#breadcrumb\"},\"inLanguage\":\"es\",\"potentialAction\":[{\"@type\":\"ReadAction\",\"target\":[\"https:\\\/\\\/www.awpint.com\\\/es\\\/productos\\\/toxinfibre\\\/\"]}]},{\"@type\":\"ImageObject\",\"inLanguage\":\"es\",\"@id\":\"https:\\\/\\\/www.awpint.com\\\/es\\\/productos\\\/toxinfibre\\\/#primaryimage\",\"url\":\"https:\\\/\\\/www.awpint.com\\\/wp-content\\\/uploads\\\/2024\\\/07\\\/awp-product-11.jpg\",\"contentUrl\":\"https:\\\/\\\/www.awpint.com\\\/wp-content\\\/uploads\\\/2024\\\/07\\\/awp-product-11.jpg\",\"width\":1652,\"height\":500},{\"@type\":\"BreadcrumbList\",\"@id\":\"https:\\\/\\\/www.awpint.com\\\/es\\\/productos\\\/toxinfibre\\\/#breadcrumb\",\"itemListElement\":[{\"@type\":\"ListItem\",\"position\":1,\"name\":\"Home\",\"item\":\"https:\\\/\\\/www.awpint.com\\\/es\\\/home\\\/\"},{\"@type\":\"ListItem\",\"position\":2,\"name\":\"Products AWP\",\"item\":\"https:\\\/\\\/www.awpint.com\\\/es\\\/productos\\\/\"},{\"@type\":\"ListItem\",\"position\":3,\"name\":\"Toxinfibre\"}]},{\"@type\":\"WebSite\",\"@id\":\"https:\\\/\\\/www.awpint.com\\\/es\\\/#website\",\"url\":\"https:\\\/\\\/www.awpint.com\\\/es\\\/\",\"name\":\"AWP\",\"description\":\"Animal Wellness Products\",\"publisher\":{\"@id\":\"https:\\\/\\\/www.awpint.com\\\/es\\\/#organization\"},\"potentialAction\":[{\"@type\":\"SearchAction\",\"target\":{\"@type\":\"EntryPoint\",\"urlTemplate\":\"https:\\\/\\\/www.awpint.com\\\/es\\\/?s={search_term_string}\"},\"query-input\":{\"@type\":\"PropertyValueSpecification\",\"valueRequired\":true,\"valueName\":\"search_term_string\"}}],\"inLanguage\":\"es\"},{\"@type\":\"Organization\",\"@id\":\"https:\\\/\\\/www.awpint.com\\\/es\\\/#organization\",\"name\":\"AWP - Animal Wellness Products\",\"url\":\"https:\\\/\\\/www.awpint.com\\\/es\\\/\",\"logo\":{\"@type\":\"ImageObject\",\"inLanguage\":\"es\",\"@id\":\"https:\\\/\\\/www.awpint.com\\\/es\\\/#\\\/schema\\\/logo\\\/image\\\/\",\"url\":\"https:\\\/\\\/www.awpint.com\\\/wp-content\\\/uploads\\\/2024\\\/07\\\/AWP-Animal-Wellness-Product-Logo.svg\",\"contentUrl\":\"https:\\\/\\\/www.awpint.com\\\/wp-content\\\/uploads\\\/2024\\\/07\\\/AWP-Animal-Wellness-Product-Logo.svg\",\"width\":125,\"height\":78,\"caption\":\"AWP - Animal Wellness Products\"},\"image\":{\"@id\":\"https:\\\/\\\/www.awpint.com\\\/es\\\/#\\\/schema\\\/logo\\\/image\\\/\"},\"sameAs\":[\"https:\\\/\\\/www.linkedin.com\\\/company\\\/awp-animal-wellness-products\\\/about\\\/\"]}]}<\/script>\n<!-- \/ Yoast SEO plugin. -->","yoast_head_json":{"title":"Toxinfibre | A.W.P. Animal Wellness Products","description":"Toxinfibre  se basa en fenoles bot\u00e1nicos purificados y solubles monom\u00e9ricos, dim\u00e9ricos y oligom\u00e9ricos de bajo peso molecular: 5.000 - 10.000 Dalton, enriquecidos con Fitomol\u00e9culas. Las fibras se obtienen por hidr\u00f3lisis a partir de la pared celular de plantas anuales, sin disolventes.","robots":{"index":"index","follow":"follow","max-snippet":"max-snippet:-1","max-image-preview":"max-image-preview:large","max-video-preview":"max-video-preview:-1"},"canonical":"https:\/\/www.awpint.com\/es\/productos\/toxinfibre\/","og_locale":"es_ES","og_type":"article","og_title":"Toxinfibre | A.W.P. Animal Wellness Products","og_description":"Toxinfibre  se basa en fenoles bot\u00e1nicos purificados y solubles monom\u00e9ricos, dim\u00e9ricos y oligom\u00e9ricos de bajo peso molecular: 5.000 - 10.000 Dalton, enriquecidos con Fitomol\u00e9culas. Las fibras se obtienen por hidr\u00f3lisis a partir de la pared celular de plantas anuales, sin disolventes.","og_url":"https:\/\/www.awpint.com\/es\/productos\/toxinfibre\/","og_site_name":"AWP","article_modified_time":"2026-04-27T09:38:51+00:00","og_image":[{"width":1652,"height":500,"url":"https:\/\/www.awpint.com\/media\/2024\/07\/awp-product-11.jpg","type":"image\/jpeg"}],"twitter_card":"summary_large_image","schema":{"@context":"https:\/\/schema.org","@graph":[{"@type":"WebPage","@id":"https:\/\/www.awpint.com\/es\/productos\/toxinfibre\/","url":"https:\/\/www.awpint.com\/es\/productos\/toxinfibre\/","name":"Toxinfibre | A.W.P. Animal Wellness Products","isPartOf":{"@id":"https:\/\/www.awpint.com\/es\/#website"},"primaryImageOfPage":{"@id":"https:\/\/www.awpint.com\/es\/productos\/toxinfibre\/#primaryimage"},"image":{"@id":"https:\/\/www.awpint.com\/es\/productos\/toxinfibre\/#primaryimage"},"thumbnailUrl":"https:\/\/www.awpint.com\/media\/2024\/07\/awp-product-11.jpg","datePublished":"2024-07-27T13:27:03+00:00","dateModified":"2026-04-27T09:38:51+00:00","description":"[titolo_prodotto_awp_varibile] se basa en fenoles bot\u00e1nicos purificados y solubles monom\u00e9ricos, dim\u00e9ricos y oligom\u00e9ricos de bajo peso molecular: 5.000 - 10.000 Dalton, enriquecidos con Fitomol\u00e9culas. Las fibras se obtienen por hidr\u00f3lisis a partir de la pared celular de plantas anuales, sin disolventes.","breadcrumb":{"@id":"https:\/\/www.awpint.com\/es\/productos\/toxinfibre\/#breadcrumb"},"inLanguage":"es","potentialAction":[{"@type":"ReadAction","target":["https:\/\/www.awpint.com\/es\/productos\/toxinfibre\/"]}]},{"@type":"ImageObject","inLanguage":"es","@id":"https:\/\/www.awpint.com\/es\/productos\/toxinfibre\/#primaryimage","url":"https:\/\/www.awpint.com\/media\/2024\/07\/awp-product-11.jpg","contentUrl":"https:\/\/www.awpint.com\/media\/2024\/07\/awp-product-11.jpg","width":1652,"height":500},{"@type":"BreadcrumbList","@id":"https:\/\/www.awpint.com\/es\/productos\/toxinfibre\/#breadcrumb","itemListElement":[{"@type":"ListItem","position":1,"name":"Home","item":"https:\/\/www.awpint.com\/es\/home\/"},{"@type":"ListItem","position":2,"name":"Products AWP","item":"https:\/\/www.awpint.com\/es\/productos\/"},{"@type":"ListItem","position":3,"name":"Toxinfibre"}]},{"@type":"WebSite","@id":"https:\/\/www.awpint.com\/es\/#website","url":"https:\/\/www.awpint.com\/es\/","name":"AWP","description":"Animal Wellness Products","publisher":{"@id":"https:\/\/www.awpint.com\/es\/#organization"},"potentialAction":[{"@type":"SearchAction","target":{"@type":"EntryPoint","urlTemplate":"https:\/\/www.awpint.com\/es\/?s={search_term_string}"},"query-input":{"@type":"PropertyValueSpecification","valueRequired":true,"valueName":"search_term_string"}}],"inLanguage":"es"},{"@type":"Organization","@id":"https:\/\/www.awpint.com\/es\/#organization","name":"AWP - Animal Wellness Products","url":"https:\/\/www.awpint.com\/es\/","logo":{"@type":"ImageObject","inLanguage":"es","@id":"https:\/\/www.awpint.com\/es\/#\/schema\/logo\/image\/","url":"https:\/\/www.awpint.com\/media\/2024\/07\/AWP-Animal-Wellness-Product-Logo.svg","contentUrl":"https:\/\/www.awpint.com\/media\/2024\/07\/AWP-Animal-Wellness-Product-Logo.svg","width":125,"height":78,"caption":"AWP - Animal Wellness Products"},"image":{"@id":"https:\/\/www.awpint.com\/es\/#\/schema\/logo\/image\/"},"sameAs":["https:\/\/www.linkedin.com\/company\/awp-animal-wellness-products\/about\/"]}]}},"_links":{"self":[{"href":"https:\/\/www.awpint.com\/es\/wp-json\/wp\/v2\/product\/94147","targetHints":{"allow":["GET"]}}],"collection":[{"href":"https:\/\/www.awpint.com\/es\/wp-json\/wp\/v2\/product"}],"about":[{"href":"https:\/\/www.awpint.com\/es\/wp-json\/wp\/v2\/types\/product"}],"wp:featuredmedia":[{"embeddable":true,"href":"https:\/\/www.awpint.com\/es\/wp-json\/wp\/v2\/media\/93986"}],"wp:attachment":[{"href":"https:\/\/www.awpint.com\/es\/wp-json\/wp\/v2\/media?parent=94147"}],"wp:term":[{"taxonomy":"animal_feed","embeddable":true,"href":"https:\/\/www.awpint.com\/es\/wp-json\/wp\/v2\/animal_feed?post=94147"},{"taxonomy":"feed_physical_form","embeddable":true,"href":"https:\/\/www.awpint.com\/es\/wp-json\/wp\/v2\/feed_physical_form?post=94147"},{"taxonomy":"feed_flavour","embeddable":true,"href":"https:\/\/www.awpint.com\/es\/wp-json\/wp\/v2\/feed_flavour?post=94147"},{"taxonomy":"other_category","embeddable":true,"href":"https:\/\/www.awpint.com\/es\/wp-json\/wp\/v2\/other_category?post=94147"}],"curies":[{"name":"wp","href":"https:\/\/api.w.org\/{rel}","templated":true}]}}