{"id":94090,"date":"2024-07-30T15:17:39","date_gmt":"2024-07-30T13:17:39","guid":{"rendered":"https:\/\/www.awpint.com\/product\/4powerx\/"},"modified":"2026-03-31T09:53:43","modified_gmt":"2026-03-31T07:53:43","slug":"4powerx","status":"publish","type":"product","link":"https:\/\/www.awpint.com\/es\/productos\/4powerx\/","title":{"rendered":"4PowerX"},"featured_media":93977,"template":"","animal_feed":[152,158],"feed_physical_form":[156,155],"feed_flavour":[],"other_category":[],"class_list":["post-94090","product","type-product","status-publish","has-post-thumbnail","hentry","animal_feed-aves-de-corral","animal_feed-porcino","feed_physical_form-liquido","feed_physical_form-polvo"],"acf":[],"yoast_head":"<!-- This site is optimized with the Yoast SEO plugin v27.6 - https:\/\/yoast.com\/product\/yoast-seo-wordpress\/ -->\n<title>4PowerX | A.W.P. Animal Wellness Products<\/title>\n<meta name=\"description\" content=\"4PowerX  se compone de Fitomol\u00e9culas purificadas. Se utiliza junto con antibi\u00f3ticos terap\u00e9uticos para reforzar su eficacia: la colistina puede resultar un 60% m\u00e1s eficaz.\" \/>\n<meta name=\"robots\" content=\"index, follow, max-snippet:-1, max-image-preview:large, max-video-preview:-1\" \/>\n<link rel=\"canonical\" href=\"https:\/\/www.awpint.com\/es\/productos\/4powerx\/\" \/>\n<meta property=\"og:locale\" content=\"es_ES\" \/>\n<meta property=\"og:type\" content=\"article\" \/>\n<meta property=\"og:title\" content=\"4PowerX | A.W.P. Animal Wellness Products\" \/>\n<meta property=\"og:description\" content=\"4PowerX  se compone de Fitomol\u00e9culas purificadas. Se utiliza junto con antibi\u00f3ticos terap\u00e9uticos para reforzar su eficacia: la colistina puede resultar un 60% m\u00e1s eficaz.\" \/>\n<meta property=\"og:url\" content=\"https:\/\/www.awpint.com\/es\/productos\/4powerx\/\" \/>\n<meta property=\"og:site_name\" content=\"AWP\" \/>\n<meta property=\"article:modified_time\" content=\"2026-03-31T07:53:43+00:00\" \/>\n<meta property=\"og:image\" content=\"https:\/\/www.awpint.com\/media\/2024\/07\/awp-product-6-1.jpg\" \/>\n\t<meta property=\"og:image:width\" content=\"1652\" \/>\n\t<meta property=\"og:image:height\" content=\"500\" \/>\n\t<meta property=\"og:image:type\" content=\"image\/jpeg\" \/>\n<meta name=\"twitter:card\" content=\"summary_large_image\" \/>\n<script type=\"application\/ld+json\" class=\"yoast-schema-graph\">{\"@context\":\"https:\\\/\\\/schema.org\",\"@graph\":[{\"@type\":\"WebPage\",\"@id\":\"https:\\\/\\\/www.awpint.com\\\/es\\\/productos\\\/4powerx\\\/\",\"url\":\"https:\\\/\\\/www.awpint.com\\\/es\\\/productos\\\/4powerx\\\/\",\"name\":\"4PowerX | A.W.P. Animal Wellness Products\",\"isPartOf\":{\"@id\":\"https:\\\/\\\/www.awpint.com\\\/es\\\/#website\"},\"primaryImageOfPage\":{\"@id\":\"https:\\\/\\\/www.awpint.com\\\/es\\\/productos\\\/4powerx\\\/#primaryimage\"},\"image\":{\"@id\":\"https:\\\/\\\/www.awpint.com\\\/es\\\/productos\\\/4powerx\\\/#primaryimage\"},\"thumbnailUrl\":\"https:\\\/\\\/www.awpint.com\\\/wp-content\\\/uploads\\\/2024\\\/07\\\/awp-product-6-1.jpg\",\"datePublished\":\"2024-07-30T13:17:39+00:00\",\"dateModified\":\"2026-03-31T07:53:43+00:00\",\"description\":\"[titolo_prodotto_awp_varibile] se compone de Fitomol\u00e9culas purificadas. Se utiliza junto con antibi\u00f3ticos terap\u00e9uticos para reforzar su eficacia: la colistina puede resultar un 60% m\u00e1s eficaz.\",\"breadcrumb\":{\"@id\":\"https:\\\/\\\/www.awpint.com\\\/es\\\/productos\\\/4powerx\\\/#breadcrumb\"},\"inLanguage\":\"es\",\"potentialAction\":[{\"@type\":\"ReadAction\",\"target\":[\"https:\\\/\\\/www.awpint.com\\\/es\\\/productos\\\/4powerx\\\/\"]}]},{\"@type\":\"ImageObject\",\"inLanguage\":\"es\",\"@id\":\"https:\\\/\\\/www.awpint.com\\\/es\\\/productos\\\/4powerx\\\/#primaryimage\",\"url\":\"https:\\\/\\\/www.awpint.com\\\/wp-content\\\/uploads\\\/2024\\\/07\\\/awp-product-6-1.jpg\",\"contentUrl\":\"https:\\\/\\\/www.awpint.com\\\/wp-content\\\/uploads\\\/2024\\\/07\\\/awp-product-6-1.jpg\",\"width\":1652,\"height\":500},{\"@type\":\"BreadcrumbList\",\"@id\":\"https:\\\/\\\/www.awpint.com\\\/es\\\/productos\\\/4powerx\\\/#breadcrumb\",\"itemListElement\":[{\"@type\":\"ListItem\",\"position\":1,\"name\":\"Home\",\"item\":\"https:\\\/\\\/www.awpint.com\\\/es\\\/home\\\/\"},{\"@type\":\"ListItem\",\"position\":2,\"name\":\"Products AWP\",\"item\":\"https:\\\/\\\/www.awpint.com\\\/es\\\/productos\\\/\"},{\"@type\":\"ListItem\",\"position\":3,\"name\":\"4PowerX\"}]},{\"@type\":\"WebSite\",\"@id\":\"https:\\\/\\\/www.awpint.com\\\/es\\\/#website\",\"url\":\"https:\\\/\\\/www.awpint.com\\\/es\\\/\",\"name\":\"AWP\",\"description\":\"Animal Wellness Products\",\"publisher\":{\"@id\":\"https:\\\/\\\/www.awpint.com\\\/es\\\/#organization\"},\"potentialAction\":[{\"@type\":\"SearchAction\",\"target\":{\"@type\":\"EntryPoint\",\"urlTemplate\":\"https:\\\/\\\/www.awpint.com\\\/es\\\/?s={search_term_string}\"},\"query-input\":{\"@type\":\"PropertyValueSpecification\",\"valueRequired\":true,\"valueName\":\"search_term_string\"}}],\"inLanguage\":\"es\"},{\"@type\":\"Organization\",\"@id\":\"https:\\\/\\\/www.awpint.com\\\/es\\\/#organization\",\"name\":\"AWP - Animal Wellness Products\",\"url\":\"https:\\\/\\\/www.awpint.com\\\/es\\\/\",\"logo\":{\"@type\":\"ImageObject\",\"inLanguage\":\"es\",\"@id\":\"https:\\\/\\\/www.awpint.com\\\/es\\\/#\\\/schema\\\/logo\\\/image\\\/\",\"url\":\"https:\\\/\\\/www.awpint.com\\\/wp-content\\\/uploads\\\/2024\\\/07\\\/AWP-Animal-Wellness-Product-Logo.svg\",\"contentUrl\":\"https:\\\/\\\/www.awpint.com\\\/wp-content\\\/uploads\\\/2024\\\/07\\\/AWP-Animal-Wellness-Product-Logo.svg\",\"width\":125,\"height\":78,\"caption\":\"AWP - Animal Wellness Products\"},\"image\":{\"@id\":\"https:\\\/\\\/www.awpint.com\\\/es\\\/#\\\/schema\\\/logo\\\/image\\\/\"},\"sameAs\":[\"https:\\\/\\\/www.linkedin.com\\\/company\\\/awp-animal-wellness-products\\\/about\\\/\"]}]}<\/script>\n<!-- \/ Yoast SEO plugin. -->","yoast_head_json":{"title":"4PowerX | A.W.P. Animal Wellness Products","description":"4PowerX  se compone de Fitomol\u00e9culas purificadas. Se utiliza junto con antibi\u00f3ticos terap\u00e9uticos para reforzar su eficacia: la colistina puede resultar un 60% m\u00e1s eficaz.","robots":{"index":"index","follow":"follow","max-snippet":"max-snippet:-1","max-image-preview":"max-image-preview:large","max-video-preview":"max-video-preview:-1"},"canonical":"https:\/\/www.awpint.com\/es\/productos\/4powerx\/","og_locale":"es_ES","og_type":"article","og_title":"4PowerX | A.W.P. Animal Wellness Products","og_description":"4PowerX  se compone de Fitomol\u00e9culas purificadas. Se utiliza junto con antibi\u00f3ticos terap\u00e9uticos para reforzar su eficacia: la colistina puede resultar un 60% m\u00e1s eficaz.","og_url":"https:\/\/www.awpint.com\/es\/productos\/4powerx\/","og_site_name":"AWP","article_modified_time":"2026-03-31T07:53:43+00:00","og_image":[{"width":1652,"height":500,"url":"https:\/\/www.awpint.com\/media\/2024\/07\/awp-product-6-1.jpg","type":"image\/jpeg"}],"twitter_card":"summary_large_image","schema":{"@context":"https:\/\/schema.org","@graph":[{"@type":"WebPage","@id":"https:\/\/www.awpint.com\/es\/productos\/4powerx\/","url":"https:\/\/www.awpint.com\/es\/productos\/4powerx\/","name":"4PowerX | A.W.P. Animal Wellness Products","isPartOf":{"@id":"https:\/\/www.awpint.com\/es\/#website"},"primaryImageOfPage":{"@id":"https:\/\/www.awpint.com\/es\/productos\/4powerx\/#primaryimage"},"image":{"@id":"https:\/\/www.awpint.com\/es\/productos\/4powerx\/#primaryimage"},"thumbnailUrl":"https:\/\/www.awpint.com\/media\/2024\/07\/awp-product-6-1.jpg","datePublished":"2024-07-30T13:17:39+00:00","dateModified":"2026-03-31T07:53:43+00:00","description":"[titolo_prodotto_awp_varibile] se compone de Fitomol\u00e9culas purificadas. Se utiliza junto con antibi\u00f3ticos terap\u00e9uticos para reforzar su eficacia: la colistina puede resultar un 60% m\u00e1s eficaz.","breadcrumb":{"@id":"https:\/\/www.awpint.com\/es\/productos\/4powerx\/#breadcrumb"},"inLanguage":"es","potentialAction":[{"@type":"ReadAction","target":["https:\/\/www.awpint.com\/es\/productos\/4powerx\/"]}]},{"@type":"ImageObject","inLanguage":"es","@id":"https:\/\/www.awpint.com\/es\/productos\/4powerx\/#primaryimage","url":"https:\/\/www.awpint.com\/media\/2024\/07\/awp-product-6-1.jpg","contentUrl":"https:\/\/www.awpint.com\/media\/2024\/07\/awp-product-6-1.jpg","width":1652,"height":500},{"@type":"BreadcrumbList","@id":"https:\/\/www.awpint.com\/es\/productos\/4powerx\/#breadcrumb","itemListElement":[{"@type":"ListItem","position":1,"name":"Home","item":"https:\/\/www.awpint.com\/es\/home\/"},{"@type":"ListItem","position":2,"name":"Products AWP","item":"https:\/\/www.awpint.com\/es\/productos\/"},{"@type":"ListItem","position":3,"name":"4PowerX"}]},{"@type":"WebSite","@id":"https:\/\/www.awpint.com\/es\/#website","url":"https:\/\/www.awpint.com\/es\/","name":"AWP","description":"Animal Wellness Products","publisher":{"@id":"https:\/\/www.awpint.com\/es\/#organization"},"potentialAction":[{"@type":"SearchAction","target":{"@type":"EntryPoint","urlTemplate":"https:\/\/www.awpint.com\/es\/?s={search_term_string}"},"query-input":{"@type":"PropertyValueSpecification","valueRequired":true,"valueName":"search_term_string"}}],"inLanguage":"es"},{"@type":"Organization","@id":"https:\/\/www.awpint.com\/es\/#organization","name":"AWP - Animal Wellness Products","url":"https:\/\/www.awpint.com\/es\/","logo":{"@type":"ImageObject","inLanguage":"es","@id":"https:\/\/www.awpint.com\/es\/#\/schema\/logo\/image\/","url":"https:\/\/www.awpint.com\/media\/2024\/07\/AWP-Animal-Wellness-Product-Logo.svg","contentUrl":"https:\/\/www.awpint.com\/media\/2024\/07\/AWP-Animal-Wellness-Product-Logo.svg","width":125,"height":78,"caption":"AWP - Animal Wellness Products"},"image":{"@id":"https:\/\/www.awpint.com\/es\/#\/schema\/logo\/image\/"},"sameAs":["https:\/\/www.linkedin.com\/company\/awp-animal-wellness-products\/about\/"]}]}},"_links":{"self":[{"href":"https:\/\/www.awpint.com\/es\/wp-json\/wp\/v2\/product\/94090","targetHints":{"allow":["GET"]}}],"collection":[{"href":"https:\/\/www.awpint.com\/es\/wp-json\/wp\/v2\/product"}],"about":[{"href":"https:\/\/www.awpint.com\/es\/wp-json\/wp\/v2\/types\/product"}],"wp:featuredmedia":[{"embeddable":true,"href":"https:\/\/www.awpint.com\/es\/wp-json\/wp\/v2\/media\/93977"}],"wp:attachment":[{"href":"https:\/\/www.awpint.com\/es\/wp-json\/wp\/v2\/media?parent=94090"}],"wp:term":[{"taxonomy":"animal_feed","embeddable":true,"href":"https:\/\/www.awpint.com\/es\/wp-json\/wp\/v2\/animal_feed?post=94090"},{"taxonomy":"feed_physical_form","embeddable":true,"href":"https:\/\/www.awpint.com\/es\/wp-json\/wp\/v2\/feed_physical_form?post=94090"},{"taxonomy":"feed_flavour","embeddable":true,"href":"https:\/\/www.awpint.com\/es\/wp-json\/wp\/v2\/feed_flavour?post=94090"},{"taxonomy":"other_category","embeddable":true,"href":"https:\/\/www.awpint.com\/es\/wp-json\/wp\/v2\/other_category?post=94090"}],"curies":[{"name":"wp","href":"https:\/\/api.w.org\/{rel}","templated":true}]}}