{"id":94070,"date":"2024-02-28T22:02:15","date_gmt":"2024-02-28T21:02:15","guid":{"rendered":"https:\/\/www.awpint.com\/empleo\/"},"modified":"2025-03-26T09:55:54","modified_gmt":"2025-03-26T08:55:54","slug":"empleo","status":"publish","type":"page","link":"https:\/\/www.awpint.com\/es\/empleo\/","title":{"rendered":"Empleo"},"content":{"rendered":"\t\t<div data-elementor-type=\"wp-page\" data-elementor-id=\"94070\" class=\"elementor elementor-94070 elementor-4769\" data-elementor-post-type=\"page\">\n\t\t\t\t\t\t<section class=\"elementor-section elementor-top-section elementor-element elementor-element-24803c4 elementor-section-boxed elementor-section-height-default elementor-section-height-default\" data-id=\"24803c4\" data-element_type=\"section\">\n\t\t\t\t\t\t<div class=\"elementor-container elementor-column-gap-default\">\n\t\t\t\t\t<div class=\"elementor-column elementor-col-100 elementor-top-column elementor-element elementor-element-d7a8de0\" data-id=\"d7a8de0\" data-element_type=\"column\">\n\t\t\t<div class=\"elementor-widget-wrap elementor-element-populated\">\n\t\t\t\t\t\t<div class=\"elementor-element elementor-element-7c9d031 title-alignment-center view_type-1 elementor-invisible elementor-widget elementor-widget-neuros_step_carousel\" data-id=\"7c9d031\" data-element_type=\"widget\" data-settings=\"{&quot;_animation&quot;:&quot;neuros_clip_up&quot;,&quot;_animation_delay&quot;:300}\" data-widget_type=\"neuros_step_carousel.default\">\n\t\t\t\t<div class=\"elementor-widget-container\">\n\t\t\t\n        <div class=\"neuros-step-carousel-widget style_type-1\">\n            <h2 class=\"neuros-heading\"><span class=\"neuros-heading-inner\"><span class=\"neuros-heading-content\">\u00bfPor qu\u00e9 trabajar con nosotros?\n<\/span><\/span><\/h2>            \n                        <div class=\"steps-slider-container\">\n                <div class=\"steps-slider owl-carousel owl-theme\" data-slider-options=\"{&quot;items&quot;:3,&quot;nav&quot;:false,&quot;dots&quot;:false,&quot;autoplayHoverPause&quot;:true,&quot;autoplay&quot;:false,&quot;autoplaySpeed&quot;:300,&quot;autoplayTimeout&quot;:5000,&quot;loop&quot;:true,&quot;speed&quot;:500,&quot;navContainer&quot;:&quot;.owl-nav-7c9d031&quot;}\">\n                    <div class=\"step-item slider-item\"><div class=\"step-number\">01<\/div><div class=\"step-content\"><h6 class=\"step-title\">Innovaci\u00f3n e Investigaci\u00f3n<\/h6><div class=\"step-description\">En A.W.P. damos prioridad a la investigaci\u00f3n y el desarrollo para crear productos de vanguardia que cumplan las normas m\u00e1s estrictas de calidad y eficacia.<\/div><\/div><\/div><div class=\"step-item slider-item\"><div class=\"step-number\">02<\/div><div class=\"step-content\"><h6 class=\"step-title\">Sostenibilidad<\/h6><div class=\"step-description\">Nos comprometemos a fomentar pr\u00e1cticas sostenibles que no s\u00f3lo sean beneficiosas para los animales, sino que tambi\u00e9n contribuyan positivamente al medio ambiente.<\/div><\/div><\/div><div class=\"step-item slider-item\"><div class=\"step-number\">03<\/div><div class=\"step-content\"><h6 class=\"step-title\">Crecimiento profesional<\/h6><div class=\"step-description\">Ofrecemos a nuestro equipo formaci\u00f3n continua y oportunidades profesionales.<\/div><\/div><\/div>                <\/div>                    \n            <\/div>            \n        <\/div>\n\n        \t\t<\/div>\n\t\t\t\t<\/div>\n\t\t\t\t\t<\/div>\n\t\t<\/div>\n\t\t\t\t\t<\/div>\n\t\t<\/section>\n\t\t\t\t<section class=\"elementor-section elementor-top-section elementor-element elementor-element-7860a62 elementor-section-stretched elementor-section-full_width elementor-section-height-default elementor-section-height-default elementor-invisible\" data-id=\"7860a62\" data-element_type=\"section\" data-settings=\"{&quot;stretch_section&quot;:&quot;section-stretched&quot;,&quot;animation&quot;:&quot;slideInUp&quot;}\">\n\t\t\t\t\t\t\t<div class=\"elementor-background-overlay\"><\/div>\n\t\t\t\t\t\t\t<div class=\"elementor-container elementor-column-gap-no\">\n\t\t\t\t\t<div class=\"elementor-column elementor-col-100 elementor-top-column elementor-element elementor-element-a8421eb\" data-id=\"a8421eb\" data-element_type=\"column\">\n\t\t\t<div class=\"elementor-widget-wrap elementor-element-populated\">\n\t\t\t\t\t\t<section class=\"elementor-section elementor-inner-section elementor-element elementor-element-711f334 elementor-section-boxed elementor-section-height-default elementor-section-height-default\" data-id=\"711f334\" data-element_type=\"section\" data-settings=\"{&quot;background_background&quot;:&quot;gradient&quot;}\">\n\t\t\t\t\t\t<div class=\"elementor-container elementor-column-gap-wide\">\n\t\t\t\t\t<div class=\"elementor-column elementor-col-33 elementor-inner-column elementor-element elementor-element-81055d0\" data-id=\"81055d0\" data-element_type=\"column\">\n\t\t\t<div class=\"elementor-widget-wrap\">\n\t\t\t\t\t\t\t<\/div>\n\t\t<\/div>\n\t\t\t\t<div class=\"elementor-column elementor-col-33 elementor-inner-column elementor-element elementor-element-3cf9796\" data-id=\"3cf9796\" data-element_type=\"column\">\n\t\t\t<div class=\"elementor-widget-wrap elementor-element-populated\">\n\t\t\t\t\t\t<div class=\"elementor-element elementor-element-9e3be27 elementor-button-align-stretch elementor-widget elementor-widget-form\" data-id=\"9e3be27\" data-element_type=\"widget\" id=\"contatti_form\" data-settings=\"{&quot;step_next_label&quot;:&quot;Siguiente&quot;,&quot;step_previous_label&quot;:&quot;Anterior&quot;,&quot;button_width&quot;:&quot;100&quot;,&quot;step_type&quot;:&quot;number_text&quot;,&quot;step_icon_shape&quot;:&quot;circle&quot;}\" data-widget_type=\"form.default\">\n\t\t\t\t<div class=\"elementor-widget-container\">\n\t\t\t\t\t<form class=\"elementor-form\" method=\"post\" name=\"Formulario de ayuda\">\n\t\t\t<input type=\"hidden\" name=\"post_id\" value=\"94070\"\/>\n\t\t\t<input type=\"hidden\" name=\"form_id\" value=\"9e3be27\"\/>\n\t\t\t<input type=\"hidden\" name=\"referer_title\" value=\"Carreras en A.W.P. Animal Wellness Products | \u00danete a Nuestro Equipo\" \/>\n\n\t\t\t\t\t\t\t<input type=\"hidden\" name=\"queried_id\" value=\"94070\"\/>\n\t\t\t\n\t\t\t<div class=\"elementor-form-fields-wrapper elementor-labels-above\">\n\t\t\t\t\t\t\t\t<div class=\"elementor-field-type-text elementor-field-group elementor-column elementor-field-group-name elementor-col-33 elementor-field-required\">\n\t\t\t\t\t\t\t\t\t\t\t\t<label for=\"form-field-name\" class=\"elementor-field-label\">\n\t\t\t\t\t\t\t\tNombre\t\t\t\t\t\t\t<\/label>\n\t\t\t\t\t\t\t\t\t\t\t\t\t\t<input size=\"1\" type=\"text\" name=\"form_fields[name]\" id=\"form-field-name\" class=\"elementor-field elementor-size-sm  elementor-field-textual\" placeholder=\"Nombre\" required=\"required\" aria-required=\"true\">\n\t\t\t\t\t\t\t\t\t\t\t<\/div>\n\t\t\t\t\t\t\t\t<div class=\"elementor-field-type-text elementor-field-group elementor-column elementor-field-group-field_79b49ad elementor-col-33 elementor-field-required\">\n\t\t\t\t\t\t\t\t\t\t\t\t<label for=\"form-field-field_79b49ad\" class=\"elementor-field-label\">\n\t\t\t\t\t\t\t\tApellido\t\t\t\t\t\t\t<\/label>\n\t\t\t\t\t\t\t\t\t\t\t\t\t\t<input size=\"1\" type=\"text\" name=\"form_fields[field_79b49ad]\" id=\"form-field-field_79b49ad\" class=\"elementor-field elementor-size-sm  elementor-field-textual\" placeholder=\"Apellido\" required=\"required\" aria-required=\"true\">\n\t\t\t\t\t\t\t\t\t\t\t<\/div>\n\t\t\t\t\t\t\t\t<div class=\"elementor-field-type-text elementor-field-group elementor-column elementor-field-group-field_225d6c3 elementor-col-33 elementor-field-required\">\n\t\t\t\t\t\t\t\t\t\t\t\t<label for=\"form-field-field_225d6c3\" class=\"elementor-field-label\">\n\t\t\t\t\t\t\t\tPa\u00eds\t\t\t\t\t\t\t<\/label>\n\t\t\t\t\t\t\t\t\t\t\t\t\t\t<input size=\"1\" type=\"text\" name=\"form_fields[field_225d6c3]\" id=\"form-field-field_225d6c3\" class=\"elementor-field elementor-size-sm  elementor-field-textual\" placeholder=\"Pa\u00eds\" required=\"required\" aria-required=\"true\">\n\t\t\t\t\t\t\t\t\t\t\t<\/div>\n\t\t\t\t\t\t\t\t<div class=\"elementor-field-type-email elementor-field-group elementor-column elementor-field-group-email elementor-col-50 elementor-field-required\">\n\t\t\t\t\t\t\t\t\t\t\t\t<label for=\"form-field-email\" class=\"elementor-field-label\">\n\t\t\t\t\t\t\t\tEnv\u00eda un correo electr\u00f3nico a\t\t\t\t\t\t\t<\/label>\n\t\t\t\t\t\t\t\t\t\t\t\t\t\t<input size=\"1\" type=\"email\" name=\"form_fields[email]\" id=\"form-field-email\" class=\"elementor-field elementor-size-sm  elementor-field-textual\" placeholder=\"Env\u00eda un correo electr\u00f3nico a\" required=\"required\" aria-required=\"true\">\n\t\t\t\t\t\t\t\t\t\t\t<\/div>\n\t\t\t\t\t\t\t\t<div class=\"elementor-field-type-tel elementor-field-group elementor-column elementor-field-group-field_ed24bb6 elementor-col-50 elementor-field-required\">\n\t\t\t\t\t\t\t\t\t\t\t\t<label for=\"form-field-field_ed24bb6\" class=\"elementor-field-label\">\n\t\t\t\t\t\t\t\tTel\u00e9fono\t\t\t\t\t\t\t<\/label>\n\t\t\t\t\t\t\t\t<input size=\"1\" type=\"tel\" name=\"form_fields[field_ed24bb6]\" id=\"form-field-field_ed24bb6\" class=\"elementor-field elementor-size-sm  elementor-field-textual\" placeholder=\"N\u00famero de tel\u00e9fono\" required=\"required\" aria-required=\"true\" pattern=\"[0-9()#&amp;+*-=.]+\" title=\"Solo se aceptan n\u00fameros y caracteres de tel\u00e9fono (#,-,*,etc).\">\n\n\t\t\t\t\t\t<\/div>\n\t\t\t\t\t\t\t\t<div class=\"elementor-field-type-upload elementor-field-group elementor-column elementor-field-group-field_e0841ab elementor-col-100 elementor-field-required\">\n\t\t\t\t\t\t\t\t\t\t\t\t<label for=\"form-field-field_e0841ab\" class=\"elementor-field-label\">\n\t\t\t\t\t\t\t\tCurr\u00edculum\t\t\t\t\t\t\t<\/label>\n\t\t\t\t\t\t\t\t<input type=\"file\" name=\"form_fields[field_e0841ab]\" id=\"form-field-field_e0841ab\" class=\"elementor-field elementor-size-sm  elementor-upload-field\" required=\"required\" aria-required=\"true\" data-maxsize=\"3\" data-maxsize-message=\"Este archivo excede el tama\u00f1o m\u00e1ximo permitido.\">\n\n\t\t\t\t\t\t<\/div>\n\t\t\t\t\t\t\t\t<div class=\"elementor-field-type-acceptance elementor-field-group elementor-column elementor-field-group-field_4ed9550 elementor-col-100 elementor-field-required\">\n\t\t\t\t\t\t\t<div class=\"elementor-field-subgroup\">\n\t\t\t<span class=\"elementor-field-option\">\n\t\t\t\t<input type=\"checkbox\" name=\"form_fields[field_4ed9550]\" id=\"form-field-field_4ed9550\" class=\"elementor-field elementor-size-sm  elementor-acceptance-field\" required=\"required\" aria-required=\"true\">\n\t\t\t\t<label for=\"form-field-field_4ed9550\">Doy mi consentimiento para el tratamiento de datos personales seg\u00fan la <a href=\"https:\/\/www.privacylab.it\/informativa.php?18315409354\" class=\"privacy-style\" target=\"_blank\">Pol\u00edtica de Privacidad<\/a>.<\/label>\t\t\t<\/span>\n\t\t<\/div>\n\t\t\t\t\t\t<\/div>\n\t\t\t\t\t\t\t\t<div class=\"elementor-field-group elementor-column elementor-field-type-submit elementor-col-100 e-form__buttons\">\n\t\t\t\t\t<button class=\"elementor-button elementor-size-sm\" type=\"submit\">\n\t\t\t\t\t\t<span class=\"elementor-button-content-wrapper\">\n\t\t\t\t\t\t\t\t\t\t\t\t\t\t\t\t\t\t\t\t\t\t<span class=\"elementor-button-text\">Enviar solicitud<\/span>\n\t\t\t\t\t\t\t\t\t\t\t\t\t<\/span>\n\t\t\t\t\t<\/button>\n\t\t\t\t<\/div>\n\t\t\t<\/div>\n\t\t<\/form>\n\t\t\t\t<\/div>\n\t\t\t\t<\/div>\n\t\t\t\t\t<\/div>\n\t\t<\/div>\n\t\t\t\t<div class=\"elementor-column elementor-col-33 elementor-inner-column elementor-element elementor-element-95ff866\" data-id=\"95ff866\" data-element_type=\"column\">\n\t\t\t<div class=\"elementor-widget-wrap\">\n\t\t\t\t\t\t\t<\/div>\n\t\t<\/div>\n\t\t\t\t\t<\/div>\n\t\t<\/section>\n\t\t\t\t\t<\/div>\n\t\t<\/div>\n\t\t\t\t\t<\/div>\n\t\t<\/section>\n\t\t\t\t<section class=\"elementor-section elementor-top-section elementor-element elementor-element-10486f6 elementor-section-full_width elementor-section-stretched elementor-section-height-default elementor-section-height-default elementor-invisible\" data-id=\"10486f6\" data-element_type=\"section\" data-settings=\"{&quot;stretch_section&quot;:&quot;section-stretched&quot;,&quot;animation&quot;:&quot;fadeIn&quot;}\">\n\t\t\t\t\t\t<div class=\"elementor-container elementor-column-gap-no\">\n\t\t\t\t\t<div class=\"elementor-column elementor-col-100 elementor-top-column elementor-element elementor-element-f599cad\" data-id=\"f599cad\" data-element_type=\"column\">\n\t\t\t<div class=\"elementor-widget-wrap elementor-element-populated\">\n\t\t\t\t\t\t<section class=\"elementor-section elementor-inner-section elementor-element elementor-element-22c2a58 elementor-section-full_width elementor-reverse-mobile elementor-section-height-default elementor-section-height-default\" data-id=\"22c2a58\" data-element_type=\"section\" data-settings=\"{&quot;background_background&quot;:&quot;classic&quot;}\">\n\t\t\t\t\t\t<div class=\"elementor-container elementor-column-gap-no\">\n\t\t\t\t\t<div class=\"elementor-column elementor-col-100 elementor-inner-column elementor-element elementor-element-f5cc564\" data-id=\"f5cc564\" data-element_type=\"column\">\n\t\t\t<div class=\"elementor-widget-wrap elementor-element-populated\">\n\t\t\t\t\t\t<div class=\"elementor-element elementor-element-85de6ea elementor-widget elementor-widget-spacer\" data-id=\"85de6ea\" data-element_type=\"widget\" data-widget_type=\"spacer.default\">\n\t\t\t\t<div class=\"elementor-widget-container\">\n\t\t\t\t\t<div class=\"elementor-spacer\">\n\t\t\t<div class=\"elementor-spacer-inner\"><\/div>\n\t\t<\/div>\n\t\t\t\t<\/div>\n\t\t\t\t<\/div>\n\t\t\t\t\t<\/div>\n\t\t<\/div>\n\t\t\t\t\t<\/div>\n\t\t<\/section>\n\t\t\t\t\t<\/div>\n\t\t<\/div>\n\t\t\t\t\t<\/div>\n\t\t<\/section>\n\t\t\t\t<\/div>\n\t\t","protected":false},"excerpt":{"rendered":"","protected":false},"author":1,"featured_media":94060,"parent":0,"menu_order":4,"comment_status":"closed","ping_status":"closed","template":"","meta":{"_acf_changed":false,"inline_featured_image":false,"footnotes":""},"class_list":["post-94070","page","type-page","status-publish","has-post-thumbnail","hentry"],"acf":[],"yoast_head":"<!-- This site is optimized with the Yoast SEO plugin v27.6 - https:\/\/yoast.com\/product\/yoast-seo-wordpress\/ -->\n<title>Carreras en A.W.P. Animal Wellness Products | \u00danete a Nuestro Equipo<\/title>\n<meta name=\"description\" content=\"Explora apasionantes oportunidades profesionales en A.W.P. Animal Wellness Products. \u00danete a nuestro equipo innovador y contribuye al futuro de la salud y el bienestar animal.\" \/>\n<meta name=\"robots\" content=\"index, follow, max-snippet:-1, max-image-preview:large, max-video-preview:-1\" \/>\n<link rel=\"canonical\" href=\"https:\/\/www.awpint.com\/es\/empleo\/\" \/>\n<meta property=\"og:locale\" content=\"es_ES\" \/>\n<meta property=\"og:type\" content=\"article\" \/>\n<meta property=\"og:title\" content=\"Carreras en A.W.P. Animal Wellness Products | \u00danete a Nuestro Equipo\" \/>\n<meta property=\"og:description\" content=\"Explora apasionantes oportunidades profesionales en A.W.P. Animal Wellness Products. \u00danete a nuestro equipo innovador y contribuye al futuro de la salud y el bienestar animal.\" \/>\n<meta property=\"og:url\" content=\"https:\/\/www.awpint.com\/es\/empleo\/\" \/>\n<meta property=\"og:site_name\" content=\"AWP\" \/>\n<meta property=\"article:modified_time\" content=\"2025-03-26T08:55:54+00:00\" \/>\n<meta property=\"og:image\" content=\"https:\/\/www.awpint.com\/media\/2024\/08\/awp-about-us-logo.jpg\" \/>\n\t<meta property=\"og:image:width\" content=\"674\" \/>\n\t<meta property=\"og:image:height\" content=\"720\" \/>\n\t<meta property=\"og:image:type\" content=\"image\/jpeg\" \/>\n<meta name=\"twitter:card\" content=\"summary_large_image\" \/>\n<script type=\"application\/ld+json\" class=\"yoast-schema-graph\">{\"@context\":\"https:\\\/\\\/schema.org\",\"@graph\":[{\"@type\":\"WebPage\",\"@id\":\"https:\\\/\\\/www.awpint.com\\\/es\\\/empleo\\\/\",\"url\":\"https:\\\/\\\/www.awpint.com\\\/es\\\/empleo\\\/\",\"name\":\"Carreras en A.W.P. Animal Wellness Products | \u00danete a Nuestro Equipo\",\"isPartOf\":{\"@id\":\"https:\\\/\\\/www.awpint.com\\\/es\\\/#website\"},\"primaryImageOfPage\":{\"@id\":\"https:\\\/\\\/www.awpint.com\\\/es\\\/empleo\\\/#primaryimage\"},\"image\":{\"@id\":\"https:\\\/\\\/www.awpint.com\\\/es\\\/empleo\\\/#primaryimage\"},\"thumbnailUrl\":\"https:\\\/\\\/www.awpint.com\\\/wp-content\\\/uploads\\\/2024\\\/08\\\/awp-about-us-logo.jpg\",\"datePublished\":\"2024-02-28T21:02:15+00:00\",\"dateModified\":\"2025-03-26T08:55:54+00:00\",\"description\":\"Explora apasionantes oportunidades profesionales en A.W.P. Animal Wellness Products. \u00danete a nuestro equipo innovador y contribuye al futuro de la salud y el bienestar animal.\",\"breadcrumb\":{\"@id\":\"https:\\\/\\\/www.awpint.com\\\/es\\\/empleo\\\/#breadcrumb\"},\"inLanguage\":\"es\",\"potentialAction\":[{\"@type\":\"ReadAction\",\"target\":[\"https:\\\/\\\/www.awpint.com\\\/es\\\/empleo\\\/\"]}]},{\"@type\":\"ImageObject\",\"inLanguage\":\"es\",\"@id\":\"https:\\\/\\\/www.awpint.com\\\/es\\\/empleo\\\/#primaryimage\",\"url\":\"https:\\\/\\\/www.awpint.com\\\/wp-content\\\/uploads\\\/2024\\\/08\\\/awp-about-us-logo.jpg\",\"contentUrl\":\"https:\\\/\\\/www.awpint.com\\\/wp-content\\\/uploads\\\/2024\\\/08\\\/awp-about-us-logo.jpg\",\"width\":674,\"height\":720},{\"@type\":\"BreadcrumbList\",\"@id\":\"https:\\\/\\\/www.awpint.com\\\/es\\\/empleo\\\/#breadcrumb\",\"itemListElement\":[{\"@type\":\"ListItem\",\"position\":1,\"name\":\"Home\",\"item\":\"https:\\\/\\\/www.awpint.com\\\/es\\\/home\\\/\"},{\"@type\":\"ListItem\",\"position\":2,\"name\":\"Empleo\"}]},{\"@type\":\"WebSite\",\"@id\":\"https:\\\/\\\/www.awpint.com\\\/es\\\/#website\",\"url\":\"https:\\\/\\\/www.awpint.com\\\/es\\\/\",\"name\":\"AWP\",\"description\":\"Animal Wellness Products\",\"publisher\":{\"@id\":\"https:\\\/\\\/www.awpint.com\\\/es\\\/#organization\"},\"potentialAction\":[{\"@type\":\"SearchAction\",\"target\":{\"@type\":\"EntryPoint\",\"urlTemplate\":\"https:\\\/\\\/www.awpint.com\\\/es\\\/?s={search_term_string}\"},\"query-input\":{\"@type\":\"PropertyValueSpecification\",\"valueRequired\":true,\"valueName\":\"search_term_string\"}}],\"inLanguage\":\"es\"},{\"@type\":\"Organization\",\"@id\":\"https:\\\/\\\/www.awpint.com\\\/es\\\/#organization\",\"name\":\"AWP - Animal Wellness Products\",\"url\":\"https:\\\/\\\/www.awpint.com\\\/es\\\/\",\"logo\":{\"@type\":\"ImageObject\",\"inLanguage\":\"es\",\"@id\":\"https:\\\/\\\/www.awpint.com\\\/es\\\/#\\\/schema\\\/logo\\\/image\\\/\",\"url\":\"https:\\\/\\\/www.awpint.com\\\/wp-content\\\/uploads\\\/2024\\\/07\\\/AWP-Animal-Wellness-Product-Logo.svg\",\"contentUrl\":\"https:\\\/\\\/www.awpint.com\\\/wp-content\\\/uploads\\\/2024\\\/07\\\/AWP-Animal-Wellness-Product-Logo.svg\",\"width\":125,\"height\":78,\"caption\":\"AWP - Animal Wellness Products\"},\"image\":{\"@id\":\"https:\\\/\\\/www.awpint.com\\\/es\\\/#\\\/schema\\\/logo\\\/image\\\/\"},\"sameAs\":[\"https:\\\/\\\/www.linkedin.com\\\/company\\\/awp-animal-wellness-products\\\/about\\\/\"]}]}<\/script>\n<!-- \/ Yoast SEO plugin. -->","yoast_head_json":{"title":"Carreras en A.W.P. Animal Wellness Products | \u00danete a Nuestro Equipo","description":"Explora apasionantes oportunidades profesionales en A.W.P. Animal Wellness Products. \u00danete a nuestro equipo innovador y contribuye al futuro de la salud y el bienestar animal.","robots":{"index":"index","follow":"follow","max-snippet":"max-snippet:-1","max-image-preview":"max-image-preview:large","max-video-preview":"max-video-preview:-1"},"canonical":"https:\/\/www.awpint.com\/es\/empleo\/","og_locale":"es_ES","og_type":"article","og_title":"Carreras en A.W.P. Animal Wellness Products | \u00danete a Nuestro Equipo","og_description":"Explora apasionantes oportunidades profesionales en A.W.P. Animal Wellness Products. \u00danete a nuestro equipo innovador y contribuye al futuro de la salud y el bienestar animal.","og_url":"https:\/\/www.awpint.com\/es\/empleo\/","og_site_name":"AWP","article_modified_time":"2025-03-26T08:55:54+00:00","og_image":[{"width":674,"height":720,"url":"https:\/\/www.awpint.com\/media\/2024\/08\/awp-about-us-logo.jpg","type":"image\/jpeg"}],"twitter_card":"summary_large_image","schema":{"@context":"https:\/\/schema.org","@graph":[{"@type":"WebPage","@id":"https:\/\/www.awpint.com\/es\/empleo\/","url":"https:\/\/www.awpint.com\/es\/empleo\/","name":"Carreras en A.W.P. Animal Wellness Products | \u00danete a Nuestro Equipo","isPartOf":{"@id":"https:\/\/www.awpint.com\/es\/#website"},"primaryImageOfPage":{"@id":"https:\/\/www.awpint.com\/es\/empleo\/#primaryimage"},"image":{"@id":"https:\/\/www.awpint.com\/es\/empleo\/#primaryimage"},"thumbnailUrl":"https:\/\/www.awpint.com\/media\/2024\/08\/awp-about-us-logo.jpg","datePublished":"2024-02-28T21:02:15+00:00","dateModified":"2025-03-26T08:55:54+00:00","description":"Explora apasionantes oportunidades profesionales en A.W.P. Animal Wellness Products. \u00danete a nuestro equipo innovador y contribuye al futuro de la salud y el bienestar animal.","breadcrumb":{"@id":"https:\/\/www.awpint.com\/es\/empleo\/#breadcrumb"},"inLanguage":"es","potentialAction":[{"@type":"ReadAction","target":["https:\/\/www.awpint.com\/es\/empleo\/"]}]},{"@type":"ImageObject","inLanguage":"es","@id":"https:\/\/www.awpint.com\/es\/empleo\/#primaryimage","url":"https:\/\/www.awpint.com\/media\/2024\/08\/awp-about-us-logo.jpg","contentUrl":"https:\/\/www.awpint.com\/media\/2024\/08\/awp-about-us-logo.jpg","width":674,"height":720},{"@type":"BreadcrumbList","@id":"https:\/\/www.awpint.com\/es\/empleo\/#breadcrumb","itemListElement":[{"@type":"ListItem","position":1,"name":"Home","item":"https:\/\/www.awpint.com\/es\/home\/"},{"@type":"ListItem","position":2,"name":"Empleo"}]},{"@type":"WebSite","@id":"https:\/\/www.awpint.com\/es\/#website","url":"https:\/\/www.awpint.com\/es\/","name":"AWP","description":"Animal Wellness Products","publisher":{"@id":"https:\/\/www.awpint.com\/es\/#organization"},"potentialAction":[{"@type":"SearchAction","target":{"@type":"EntryPoint","urlTemplate":"https:\/\/www.awpint.com\/es\/?s={search_term_string}"},"query-input":{"@type":"PropertyValueSpecification","valueRequired":true,"valueName":"search_term_string"}}],"inLanguage":"es"},{"@type":"Organization","@id":"https:\/\/www.awpint.com\/es\/#organization","name":"AWP - Animal Wellness Products","url":"https:\/\/www.awpint.com\/es\/","logo":{"@type":"ImageObject","inLanguage":"es","@id":"https:\/\/www.awpint.com\/es\/#\/schema\/logo\/image\/","url":"https:\/\/www.awpint.com\/media\/2024\/07\/AWP-Animal-Wellness-Product-Logo.svg","contentUrl":"https:\/\/www.awpint.com\/media\/2024\/07\/AWP-Animal-Wellness-Product-Logo.svg","width":125,"height":78,"caption":"AWP - Animal Wellness Products"},"image":{"@id":"https:\/\/www.awpint.com\/es\/#\/schema\/logo\/image\/"},"sameAs":["https:\/\/www.linkedin.com\/company\/awp-animal-wellness-products\/about\/"]}]}},"_links":{"self":[{"href":"https:\/\/www.awpint.com\/es\/wp-json\/wp\/v2\/pages\/94070","targetHints":{"allow":["GET"]}}],"collection":[{"href":"https:\/\/www.awpint.com\/es\/wp-json\/wp\/v2\/pages"}],"about":[{"href":"https:\/\/www.awpint.com\/es\/wp-json\/wp\/v2\/types\/page"}],"author":[{"embeddable":true,"href":"https:\/\/www.awpint.com\/es\/wp-json\/wp\/v2\/users\/1"}],"replies":[{"embeddable":true,"href":"https:\/\/www.awpint.com\/es\/wp-json\/wp\/v2\/comments?post=94070"}],"version-history":[{"count":0,"href":"https:\/\/www.awpint.com\/es\/wp-json\/wp\/v2\/pages\/94070\/revisions"}],"wp:featuredmedia":[{"embeddable":true,"href":"https:\/\/www.awpint.com\/es\/wp-json\/wp\/v2\/media\/94060"}],"wp:attachment":[{"href":"https:\/\/www.awpint.com\/es\/wp-json\/wp\/v2\/media?parent=94070"}],"curies":[{"name":"wp","href":"https:\/\/api.w.org\/{rel}","templated":true}]}}